
{"id":6139,"date":"2025-03-18T01:52:05","date_gmt":"2025-03-18T00:52:05","guid":{"rendered":"https:\/\/biz-dev.swiss\/online-booking\/"},"modified":"2025-09-25T20:33:31","modified_gmt":"2025-09-25T18:33:31","slug":"online-booking","status":"publish","type":"page","link":"https:\/\/biz-dev.swiss\/en\/online-booking\/","title":{"rendered":"Online Booking"},"content":{"rendered":"\t\t<div data-elementor-type=\"wp-page\" data-elementor-id=\"6139\" class=\"elementor elementor-6139 elementor-5169\">\n\t\t\t\t<div class=\"content-row-elementor elementor-element elementor-element-14b6b3a dark-section inherit-header-color full_elementor row_padding_left_elementor row_padding_right_elementor e-flex e-con-boxed e-con e-parent\" data-id=\"14b6b3a\" data-element_type=\"container\" data-e-type=\"container\">\n\t\t\t\t\t<div class=\"e-con-inner\">\n\t\t\t\t<div class=\"elementor-element elementor-element-dfe2a44 elementor-widget elementor-widget-html\" data-id=\"dfe2a44\" data-element_type=\"widget\" data-e-type=\"widget\" data-widget_type=\"html.default\">\n\t\t\t\t<div class=\"elementor-widget-container\">\n\t\t\t\t\t<div class=\"latepoint-book-form-wrapper os-loading os_init_booking_form\" id=\"latepointBookForm_69da1b411642a\" data-selected-agent=\"1\" data-hide-side-panel=\"yes\" >\n\t\t\t\t\t\t<div class=\"latepoint-w latepoint-inline-form latepoint-hide-side-panel\">\n\t\t\t\t\t\t\t<div class=\"latepoint-booking-form-element\">\n\t\t\t\t\t\t\t\t<div class=\"latepoint-side-panel\"><\/div>\n\t\t\t\t\t\t\t\t<div class=\"latepoint-form-w\"><\/div>\n\t\t\t\t\t\t\t<\/div>\n\t\t\t\t\t\t<\/div>\n\t\t\t\t\t<\/div>\t\t\t\t<\/div>\n\t\t\t\t<\/div>\n\t\t\t\t\t<\/div>\n\t\t\t\t<\/div>\n\t\t<div class=\"content-row-elementor elementor-element elementor-element-7fca35eb dark-section inherit-header-color full_elementor row_padding_left_elementor row_padding_right_elementor e-flex e-con-boxed e-con e-parent\" data-id=\"7fca35eb\" data-element_type=\"container\" data-e-type=\"container\">\n\t\t\t\t\t<div class=\"e-con-inner\">\n\t\t\t\t<div class=\"elementor-element elementor-element-3bedf8a0 elementor-widget elementor-widget-text-editor\" data-id=\"3bedf8a0\" data-element_type=\"widget\" data-e-type=\"widget\" data-widget_type=\"text-editor.default\">\n\t\t\t\t<div class=\"elementor-widget-container\">\n\t\t\t\t\t\t\t\t\t<h5><span style=\"color: #000000;\">Email<\/span><\/h5><p>hello@biz-dev.swiss<\/p><h5><span style=\"color: #000000;\">Address<\/span><\/h5><p>Quai des Bergues 23, 1201 Geneva, Switzerland<\/p><h5><span style=\"color: #000000;\">Phone<\/span><\/h5><p>+41 78 866 65 06<\/p>\t\t\t\t\t\t\t\t<\/div>\n\t\t\t\t<\/div>\n\t\t\t\t\t<\/div>\n\t\t\t\t<\/div>\n\t\t<div class=\"content-row-elementor elementor-element elementor-element-51dd538 e-con-full dark-section inherit-header-color full_elementor row_padding_left_elementor row_padding_right_elementor e-flex e-con e-parent\" data-id=\"51dd538\" data-element_type=\"container\" data-e-type=\"container\" data-settings=\"{&quot;background_background&quot;:&quot;video&quot;,&quot;background_play_once&quot;:&quot;yes&quot;}\">\n\t\t\t\t<div class=\"elementor-element elementor-element-d7f3e25 elementor-widget__width-inherit map-container elementor-widget elementor-widget-html\" data-id=\"d7f3e25\" data-element_type=\"widget\" data-e-type=\"widget\" data-widget_type=\"html.default\">\n\t\t\t\t<div class=\"elementor-widget-container\">\n\t\t\t\t\t<style>\/* Conteneur principal *\/\r\n  #video-container {\r\n    position: relative;\r\n    width: 100%;\r\n    height: 600px; \/* M\u00eame hauteur que la carte *\/\r\n    overflow: hidden;\r\n  }\r\n\r\n  \/* Vid\u00e9o *\/\r\n  #intro-video {\r\n    width: 100%;\r\n    height: 100%;\r\n    object-fit: cover;\r\n    pointer-events: none; \/* Bloque l'interaction avec la vid\u00e9o *\/\r\n  }\r\n\r\n  \/* Conteneur de la carte *\/\r\n  #map-container {\r\n    position: absolute;\r\n    top: 0;\r\n    left: 0;\r\n    width: 100%;\r\n    height: 100%;\r\n    opacity: 0; \/* Cach\u00e9 au d\u00e9part *\/\r\n    transition: opacity 1s ease-in-out;\r\n    z-index: 2;\r\n    pointer-events: none; \/* D\u00e9sactive l'interaction avec la carte tant qu'elle est cach\u00e9e *\/\r\n  }\r\n\r\n  \/* Iframe de la carte *\/\r\n  #map-container iframe {\r\n    width: 100%;\r\n    height: 100%;\r\n    border: none;\r\n  }\r\n<\/style><!-- Conteneur vid\u00e9o --><div id=\"video-container\"><video id=\"intro-video\" muted playsinline><source src=\"https:\/\/biz-dev.swiss\/wp-content\/uploads\/2025\/03\/geneva-switzerland-earth-zoom-to-the-city-from-s-2023-11-27-04-49-43-utc-1-1.mp4\" type=\"video\/mp4\">Ton navigateur ne supporte pas la lecture de vid\u00e9os.\r\n  <\/video><!-- Conteneur de la carte --><div id=\"map-container\"><iframe src=\"https:\/\/snazzymaps.com\/embed\/687887\"><\/iframe><\/div><\/div><script>const video = document.getElementById(\"intro-video\");\r\n  const mapContainer = document.getElementById(\"map-container\");\r\n\r\n  \/\/ D\u00e9sactive le scroll quand la souris est sur la vid\u00e9o\r\n  video.addEventListener(\"mouseenter\", function () {\r\n    document.body.style.overflow = \"hidden\"; \/\/ D\u00e9sactive le scroll\r\n  });\r\n\r\n  video.addEventListener(\"mouseleave\", function () {\r\n    document.body.style.overflow = \"\"; \/\/ R\u00e9active le scroll\r\n  });\r\n\r\n  \/\/ Observer si la vid\u00e9o est visible \u00e0 l'\u00e9cran et la d\u00e9marrer\r\n  const observer = new IntersectionObserver(entries => {\r\n    entries.forEach(entry => {\r\n      if (entry.isIntersecting) {\r\n        video.play();\r\n      }\r\n    });\r\n  }, { threshold: 0.5 }); \/\/ 50% de la vid\u00e9o doit \u00eatre visible pour d\u00e9marrer\r\n\r\n  observer.observe(video);\r\n\r\n  \/\/ Afficher la carte 4 secondes avant la fin de la vid\u00e9o et permettre l'interaction\r\n  video.addEventListener(\"timeupdate\", function () {\r\n    if (video.duration - video.currentTime <= 4) {\r\n      mapContainer.style.opacity = \"1\"; \/\/ Affiche la carte progressivement\r\n      mapContainer.style.pointerEvents = \"auto\"; \/\/ Active l'interaction avec la carte\r\n      video.style.pointerEvents = \"none\"; \/\/ Emp\u00eache l'interaction avec la vid\u00e9o apr\u00e8s l'apparition de la carte\r\n    }\r\n  });\r\n<\/script>\t\t\t\t<\/div>\n\t\t\t\t<\/div>\n\t\t\t\t<\/div>\n\t\t\t\t<\/div>\n\t\t","protected":false},"excerpt":{"rendered":"<p>Email hello@biz-dev.swiss Address Quai des Bergues 23, 1201 Geneva, Switzerland Phone +41 78 866 65 06 Ton navigateur ne supporte pas la lecture de vid\u00e9os.<\/p>\n","protected":false},"author":1,"featured_media":0,"parent":0,"menu_order":0,"comment_status":"closed","ping_status":"closed","template":"","meta":{"_seopress_robots_primary_cat":"","_seopress_titles_title":"","_seopress_titles_desc":"","_seopress_robots_index":"","footnotes":""},"class_list":["post-6139","page","type-page","status-publish","hentry"],"_links":{"self":[{"href":"https:\/\/biz-dev.swiss\/en\/wp-json\/wp\/v2\/pages\/6139","targetHints":{"allow":["GET"]}}],"collection":[{"href":"https:\/\/biz-dev.swiss\/en\/wp-json\/wp\/v2\/pages"}],"about":[{"href":"https:\/\/biz-dev.swiss\/en\/wp-json\/wp\/v2\/types\/page"}],"author":[{"embeddable":true,"href":"https:\/\/biz-dev.swiss\/en\/wp-json\/wp\/v2\/users\/1"}],"replies":[{"embeddable":true,"href":"https:\/\/biz-dev.swiss\/en\/wp-json\/wp\/v2\/comments?post=6139"}],"version-history":[{"count":0,"href":"https:\/\/biz-dev.swiss\/en\/wp-json\/wp\/v2\/pages\/6139\/revisions"}],"wp:attachment":[{"href":"https:\/\/biz-dev.swiss\/en\/wp-json\/wp\/v2\/media?parent=6139"}],"curies":[{"name":"wp","href":"https:\/\/api.w.org\/{rel}","templated":true}]}}